{"id":1488,"date":"2022-07-18T10:10:25","date_gmt":"2022-07-18T10:10:25","guid":{"rendered":"https:\/\/giuseppelucavini.com\/prodotto\/paideia-ciro-doc-superior-classic-red-750ml\/"},"modified":"2022-08-18T15:46:37","modified_gmt":"2022-08-18T15:46:37","slug":"paideia-ciro-doc-rosso-classico-superiore-750ml","status":"publish","type":"product","link":"https:\/\/giuseppelucavini.com\/en\/prodotto\/paideia-ciro-doc-rosso-classico-superiore-750ml\/","title":{"rendered":"Paid\u00e8ia, Cir\u00f2 DOC Superior Classic Red, 750ml"},"content":{"rendered":"<p>Paid\u00e8ia for the Greeks meant &#8220;training&#8221;, for the Latins &#8220;education&#8221; (exd\u00f9cere: to bring out the best in oneself). Paid\u00e8ia wine has been called this way because it has the advantage of encouraging the potential inherent in each of us, if taken in the right quantities. Cir\u00f2 Paid\u00e8ia comes from selected Gaglioppo grapes grown with millenary experience in that strip of land that extends into the blue of the Ionian Sea. Aged in oak barrels, it is a soft-tasting wine, with a very pronounced aroma, consistent body, harmonious warmth, ruby red color.<\/p>\n<p>\u2022 Cir\u00f2 Doc Superior Classic Red<br \/>\n\u2022 Gaglioppo in purity<br \/>\n\u2022 Bariccato wine<\/p>\n","protected":false},"excerpt":{"rendered":"<p>Paid\u00e8ia for the Greeks meant &#8220;training&#8221;, for the Latins &#8220;education&#8221; (exd\u00f9cere: to bring out the best in oneself). Paid\u00e8ia wine has been called this way because it has the advantage of encouraging the potential inherent in each of us, if taken in the right quantities. Cir\u00f2 Paid\u00e8ia comes from selected Gaglioppo grapes grown with millenary experience in that strip of land that extends into the blue of the Ionian Sea. Aged in oak barrels, it is a soft-tasting wine, with a very pronounced aroma, consistent body, harmonious warmth, ruby red color.<\/p>\n<p>\u2022 Cir\u00f2 Doc Superior Classic Red<br \/>\n\u2022 Gaglioppo in purity<br \/>\n\u2022 Bariccato wine<\/p>\n<p>Particularly suitable for red meats and strong dishes. It is recommended to serve it at room temperature To be uncorked at least one hour before serving.<\/p>\n","protected":false},"featured_media":1451,"comment_status":"closed","ping_status":"closed","template":"","meta":{"ocean_post_layout":"","ocean_both_sidebars_style":"","ocean_both_sidebars_content_width":0,"ocean_both_sidebars_sidebars_width":0,"ocean_sidebar":"0","ocean_second_sidebar":"0","ocean_disable_margins":"enable","ocean_add_body_class":"","ocean_shortcode_before_top_bar":"","ocean_shortcode_after_top_bar":"","ocean_shortcode_before_header":"","ocean_shortcode_after_header":"","ocean_has_shortcode":"","ocean_shortcode_after_title":"","ocean_shortcode_before_footer_widgets":"","ocean_shortcode_after_footer_widgets":"","ocean_shortcode_before_footer_bottom":"","ocean_shortcode_after_footer_bottom":"","ocean_display_top_bar":"default","ocean_display_header":"default","ocean_header_style":"","ocean_center_header_left_menu":"0","ocean_custom_header_template":"0","ocean_custom_logo":0,"ocean_custom_retina_logo":0,"ocean_custom_logo_max_width":0,"ocean_custom_logo_tablet_max_width":0,"ocean_custom_logo_mobile_max_width":0,"ocean_custom_logo_max_height":0,"ocean_custom_logo_tablet_max_height":0,"ocean_custom_logo_mobile_max_height":0,"ocean_header_custom_menu":"0","ocean_menu_typo_font_family":"0","ocean_menu_typo_font_subset":"","ocean_menu_typo_font_size":0,"ocean_menu_typo_font_size_tablet":0,"ocean_menu_typo_font_size_mobile":0,"ocean_menu_typo_font_size_unit":"px","ocean_menu_typo_font_weight":"","ocean_menu_typo_font_weight_tablet":"","ocean_menu_typo_font_weight_mobile":"","ocean_menu_typo_transform":"","ocean_menu_typo_transform_tablet":"","ocean_menu_typo_transform_mobile":"","ocean_menu_typo_line_height":0,"ocean_menu_typo_line_height_tablet":0,"ocean_menu_typo_line_height_mobile":0,"ocean_menu_typo_line_height_unit":"","ocean_menu_typo_spacing":0,"ocean_menu_typo_spacing_tablet":0,"ocean_menu_typo_spacing_mobile":0,"ocean_menu_typo_spacing_unit":"","ocean_menu_link_color":"","ocean_menu_link_color_hover":"","ocean_menu_link_color_active":"","ocean_menu_link_background":"","ocean_menu_link_hover_background":"","ocean_menu_link_active_background":"","ocean_menu_social_links_bg":"","ocean_menu_social_hover_links_bg":"","ocean_menu_social_links_color":"","ocean_menu_social_hover_links_color":"","ocean_disable_title":"default","ocean_disable_heading":"default","ocean_post_title":"","ocean_post_subheading":"","ocean_post_title_style":"","ocean_post_title_background_color":"","ocean_post_title_background":0,"ocean_post_title_bg_image_position":"","ocean_post_title_bg_image_attachment":"","ocean_post_title_bg_image_repeat":"","ocean_post_title_bg_image_size":"","ocean_post_title_height":0,"ocean_post_title_bg_overlay":0.5,"ocean_post_title_bg_overlay_color":"","ocean_disable_breadcrumbs":"default","ocean_breadcrumbs_color":"","ocean_breadcrumbs_separator_color":"","ocean_breadcrumbs_links_color":"","ocean_breadcrumbs_links_hover_color":"","ocean_display_footer_widgets":"default","ocean_display_footer_bottom":"default","ocean_custom_footer_template":"0"},"product_brand":[],"product_cat":[60,62,66],"product_tag":[],"class_list":{"0":"post-1488","1":"product","2":"type-product","3":"status-publish","4":"has-post-thumbnail","6":"product_cat-doc-en","7":"product_cat-reds","8":"product_cat-reserve","10":"entry","11":"has-media","13":"first","14":"instock","15":"shipping-taxable","16":"purchasable","17":"product-type-simple","18":"has-product-nav","19":"col","20":"span_1_of_3","21":"owp-content-center","22":"owp-thumbs-layout-horizontal","23":"owp-btn-normal","24":"owp-tabs-layout-horizontal","25":"has-no-thumbnails"},"_links":{"self":[{"href":"https:\/\/giuseppelucavini.com\/en\/wp-json\/wp\/v2\/product\/1488","targetHints":{"allow":["GET"]}}],"collection":[{"href":"https:\/\/giuseppelucavini.com\/en\/wp-json\/wp\/v2\/product"}],"about":[{"href":"https:\/\/giuseppelucavini.com\/en\/wp-json\/wp\/v2\/types\/product"}],"replies":[{"embeddable":true,"href":"https:\/\/giuseppelucavini.com\/en\/wp-json\/wp\/v2\/comments?post=1488"}],"wp:featuredmedia":[{"embeddable":true,"href":"https:\/\/giuseppelucavini.com\/en\/wp-json\/wp\/v2\/media\/1451"}],"wp:attachment":[{"href":"https:\/\/giuseppelucavini.com\/en\/wp-json\/wp\/v2\/media?parent=1488"}],"wp:term":[{"taxonomy":"product_brand","embeddable":true,"href":"https:\/\/giuseppelucavini.com\/en\/wp-json\/wp\/v2\/product_brand?post=1488"},{"taxonomy":"product_cat","embeddable":true,"href":"https:\/\/giuseppelucavini.com\/en\/wp-json\/wp\/v2\/product_cat?post=1488"},{"taxonomy":"product_tag","embeddable":true,"href":"https:\/\/giuseppelucavini.com\/en\/wp-json\/wp\/v2\/product_tag?post=1488"}],"curies":[{"name":"wp","href":"https:\/\/api.w.org\/{rel}","templated":true}]}}